{"id":513,"date":"2025-12-11T11:05:43","date_gmt":"2025-12-11T14:05:43","guid":{"rendered":"https:\/\/lp.novaconcursos.com.br\/?page_id=513"},"modified":"2025-12-11T11:08:46","modified_gmt":"2025-12-11T14:08:46","slug":"obrigado-compra-concluida","status":"publish","type":"page","link":"https:\/\/lp.novaconcursos.com.br\/index.php\/obrigado-compra-concluida\/","title":{"rendered":"Obrigado &#8211; Compra Conclu\u00edda"},"content":{"rendered":"\t\t<div data-elementor-type=\"wp-page\" data-elementor-id=\"513\" class=\"elementor elementor-513\" data-elementor-post-type=\"page\">\n\t\t\t\t<div class=\"elementor-element elementor-element-67e18eaf e-flex e-con-boxed e-con e-parent\" data-id=\"67e18eaf\" data-element_type=\"container\" data-settings=\"{&quot;background_background&quot;:&quot;classic&quot;}\">\n\t\t\t\t\t<div class=\"e-con-inner\">\n\t\t<div class=\"elementor-element elementor-element-4e8d855e e-con-full e-flex e-con e-child\" data-id=\"4e8d855e\" data-element_type=\"container\">\n\t\t\t\t<div class=\"elementor-element elementor-element-7abd802c elementor-widget elementor-widget-button\" data-id=\"7abd802c\" data-element_type=\"widget\" data-widget_type=\"button.default\">\n\t\t\t\t\t\t\t\t\t\t<a class=\"elementor-button elementor-size-sm\" role=\"button\">\n\t\t\t\t\t\t<span class=\"elementor-button-content-wrapper\">\n\t\t\t\t\t\t\t\t\t<span class=\"elementor-button-text\">Parab\u00e9ns!<\/span>\n\t\t\t\t\t<\/span>\n\t\t\t\t\t<\/a>\n\t\t\t\t\t\t\t\t<\/div>\n\t\t\t\t<div class=\"elementor-element elementor-element-5f345468 elementor-widget elementor-widget-heading\" data-id=\"5f345468\" data-element_type=\"widget\" data-widget_type=\"heading.default\">\n\t\t\t\t\t<h1 class=\"elementor-heading-title elementor-size-default\">Obrigado!<\/h1>\t\t\t\t<\/div>\n\t\t\t\t<div class=\"elementor-element elementor-element-19deb58c elementor-invisible elementor-widget elementor-widget-text-editor\" data-id=\"19deb58c\" data-element_type=\"widget\" data-settings=\"{&quot;_animation&quot;:&quot;fadeInRight&quot;,&quot;_animation_delay&quot;:100}\" data-widget_type=\"text-editor.default\">\n\t\t\t\t\t\t\t\t\t<p>Sua compra <em><strong>acaba de ser confirmada!<\/strong><\/em><br \/>Voc\u00ea receber\u00e1 seu acesso diretamente em seu e-mail.<br \/><!-- notionvc: 664d3e78-47c9-48c3-81ca-0c2dc26df8bf --><\/p><p><em><strong>Sua Estabilidade \u00e9 o <span style=\"text-decoration: underline;\">Nosso Compromisso<\/span><\/strong><\/em><\/p>\t\t\t\t\t\t\t\t<\/div>\n\t\t\t\t<\/div>\n\t\t<div class=\"elementor-element elementor-element-4a3855 e-con-full e-flex e-con e-child\" data-id=\"4a3855\" data-element_type=\"container\">\n\t\t\t\t<div class=\"elementor-element elementor-element-33bffb96 elementor-widget elementor-widget-image\" data-id=\"33bffb96\" data-element_type=\"widget\" data-widget_type=\"image.default\">\n\t\t\t\t\t\t\t\t\t\t\t\t\t\t\t<img fetchpriority=\"high\" decoding=\"async\" width=\"302\" height=\"273\" src=\"https:\/\/lp.novaconcursos.com.br\/wp-content\/uploads\/2025\/12\/Design-sem-nome-16-e1764878334538.png\" class=\"attachment-large size-large wp-image-19\" alt=\"\" srcset=\"https:\/\/lp.novaconcursos.com.br\/wp-content\/uploads\/2025\/12\/Design-sem-nome-16-e1764878334538.png 302w, https:\/\/lp.novaconcursos.com.br\/wp-content\/uploads\/2025\/12\/Design-sem-nome-16-e1764878334538-300x271.png 300w\" sizes=\"(max-width: 302px) 100vw, 302px\" \/>\t\t\t\t\t\t\t\t\t\t\t\t\t\t\t<\/div>\n\t\t\t\t<\/div>\n\t\t\t\t\t<\/div>\n\t\t\t\t<\/div>\n\t\t\t\t<\/div>\n\t\t","protected":false},"excerpt":{"rendered":"<p>Parab\u00e9ns! Obrigado! Sua compra acaba de ser confirmada!Voc\u00ea receber\u00e1 seu acesso diretamente em seu e-mail. Sua Estabilidade \u00e9 o Nosso Compromisso<\/p>\n","protected":false},"author":1,"featured_media":0,"parent":0,"menu_order":0,"comment_status":"closed","ping_status":"closed","template":"","meta":{"footnotes":""},"class_list":["post-513","page","type-page","status-publish","hentry"],"_links":{"self":[{"href":"https:\/\/lp.novaconcursos.com.br\/index.php\/wp-json\/wp\/v2\/pages\/513","targetHints":{"allow":["GET"]}}],"collection":[{"href":"https:\/\/lp.novaconcursos.com.br\/index.php\/wp-json\/wp\/v2\/pages"}],"about":[{"href":"https:\/\/lp.novaconcursos.com.br\/index.php\/wp-json\/wp\/v2\/types\/page"}],"author":[{"embeddable":true,"href":"https:\/\/lp.novaconcursos.com.br\/index.php\/wp-json\/wp\/v2\/users\/1"}],"replies":[{"embeddable":true,"href":"https:\/\/lp.novaconcursos.com.br\/index.php\/wp-json\/wp\/v2\/comments?post=513"}],"version-history":[{"count":7,"href":"https:\/\/lp.novaconcursos.com.br\/index.php\/wp-json\/wp\/v2\/pages\/513\/revisions"}],"predecessor-version":[{"id":527,"href":"https:\/\/lp.novaconcursos.com.br\/index.php\/wp-json\/wp\/v2\/pages\/513\/revisions\/527"}],"wp:attachment":[{"href":"https:\/\/lp.novaconcursos.com.br\/index.php\/wp-json\/wp\/v2\/media?parent=513"}],"curies":[{"name":"wp","href":"https:\/\/api.w.org\/{rel}","templated":true}]}}